{"id":203,"date":"2025-05-08T08:43:26","date_gmt":"2025-05-08T08:43:26","guid":{"rendered":"https:\/\/www.phira-fashion.at\/?page_id=203"},"modified":"2026-02-04T12:40:48","modified_gmt":"2026-02-04T12:40:48","slug":"impressum","status":"publish","type":"page","link":"https:\/\/www.phira-fashion.at\/de\/impressum\/","title":{"rendered":"Impressum"},"content":{"rendered":"<p>[et_pb_section fb_built=&#8220;1&#8243; _builder_version=&#8220;4.27.4&#8243; _module_preset=&#8220;default&#8220; global_colors_info=&#8220;{}&#8220; da_is_popup=&#8220;off&#8220; da_exit_intent=&#8220;off&#8220; da_has_close=&#8220;on&#8220; da_alt_close=&#8220;off&#8220; da_dark_close=&#8220;off&#8220; da_not_modal=&#8220;on&#8220; da_is_singular=&#8220;off&#8220; da_with_loader=&#8220;off&#8220; da_has_shadow=&#8220;on&#8220; da_disable_devices=&#8220;off|off|off&#8220;][et_pb_row _builder_version=&#8220;4.27.4&#8243; _module_preset=&#8220;default&#8220; global_colors_info=&#8220;{}&#8220;][et_pb_column type=&#8220;4_4&#8243; _builder_version=&#8220;4.27.4&#8243; _module_preset=&#8220;default&#8220; global_colors_info=&#8220;{}&#8220;][et_pb_text _builder_version=&#8220;4.27.4&#8243; _module_preset=&#8220;default&#8220; global_colors_info=&#8220;{}&#8220;]<\/p>\n<h2 class=\"adsimple-122992282 fusion-responsive-typography-calculated\" data-fontsize=\"32\" data-lineheight=\"44.8px\">Impressum<\/h2>\n<p class=\"adsimple-122992282\">Informationen \u00fcber den Diensteanbieter.<\/p>\n<p><strong>Phira Fashion<\/strong><\/p>\n<p class=\"adsimple-122992282\">Michael Dullinger<\/p>\n<p class=\"adsimple-122992282\">Hochscharten 17,<br \/>4612 Scharten,<br \/>\u00d6sterreich<\/p>\n<p><strong>Tel.:<\/strong><span>\u00a0<\/span>+436603539000<br \/><strong>E-Mail:<\/strong><span>\u00a0<\/span><a href=\"mailto:office@phira-fashion.at\">office@phira-fashion.at<\/a><\/p>\n<p><strong>Unternehmensgegenstand:<\/strong><span>\u00a0<\/span>Einzelhandel mit Bekleidung und Textilien<br \/><strong>UID-Nummer:<\/strong><span>\u00a0<\/span>ATU81367334<br \/><strong>GISA (Gewerbeinformationssystem Austria):<\/strong><span>\u00a0<\/span>37485672<br \/><strong>Mitglied bei:<\/strong><span>\u00a0<\/span>WKO<\/p>\n<p><strong>Aufsichtsbeh\u00f6rde:<\/strong><br \/>Bezirkshauptmannschaft Grieskirchen<\/p>\n<p><strong>Verleihungsstaat:<\/strong><span>\u00a0<\/span>\u00d6sterreich<\/p>\n<p><strong>Datenschutz Verantwortlicher<\/strong><br \/>Michael Dullinger<br \/>Hochscharten 17, 4612 Scharten<br \/><strong>E-Mail:<\/strong><span>\u00a0<\/span><a href=\"mailto:office@phira-fashion.at\">office@phira-fashion.at<\/a><br \/><strong>Tel.:<\/strong><span>\u00a0<\/span>+436603539000<br \/><strong>Impressum:<\/strong><span>\u00a0<\/span><a href=\"https:\/\/www.phira-fashion.at\/impressum\/\" target=\"_blank\" rel=\"noopener\">https:\/\/www.phira-fashion.at\/impressum\/<\/a><\/p>\n<h2 id=\"eu-streitschlichtung\" class=\"adsimple-122992282 fusion-responsive-typography-calculated\" data-fontsize=\"24\" data-lineheight=\"36px\">EU-Streitschlichtung<\/h2>\n<p class=\"adsimple-122992282\">Gem\u00e4\u00df Verordnung \u00fcber Online-Streitbeilegung in Verbraucherangelegenheiten (ODR-Verordnung) m\u00f6chten wir Sie \u00fcber die Online-Streitbeilegungsplattform (OS-Plattform) informieren.<br \/>Verbraucher haben die M\u00f6glichkeit, Beschwerden an die Online Streitbeilegungsplattform der Europ\u00e4ischen Kommission unter<span>\u00a0<\/span><a class=\"adsimple-122992282\" href=\"https:\/\/ec.europa.eu\/consumers\/odr\/main\/index.cfm?event=main.home2.show&amp;lng=DE\" target=\"_blank\" rel=\"follow noopener\">https:\/\/ec.europa.eu\/consumers\/odr\/main\/index.cfm?event=main.home2.show&amp;lng=DE<\/a><span>\u00a0<\/span>zu richten. Die daf\u00fcr notwendigen Kontaktdaten finden Sie oberhalb in unserem Impressum.<\/p>\n<p class=\"adsimple-122992282\">Wir m\u00f6chten Sie jedoch darauf hinweisen, dass wir nicht bereit oder verpflichtet sind, an Streitbeilegungsverfahren vor einer Verbraucherschlichtungsstelle teilzunehmen.<\/p>\n<h2 id=\"bildernachweis\" class=\"adsimple-122992282 fusion-responsive-typography-calculated\" data-fontsize=\"24\" data-lineheight=\"36px\">Bildernachweis<\/h2>\n<p class=\"adsimple-122992282\">Die Bilder, Fotos und Grafiken auf dieser Webseite sind urheberrechtlich gesch\u00fctzt.<\/p>\n<p><strong>Die Bilderrechte liegen bei:<\/strong><br \/>Fotograf Oliver Mitterhumer, F1 fotodesign<\/p>\n<h2 id=\"onlineauftritte\" class=\"adsimple-122992282 fusion-responsive-typography-calculated\" data-fontsize=\"24\" data-lineheight=\"36px\">Weitere Onlineauftritte<\/h2>\n<p><strong>Dieses Impressum gilt auch f\u00fcr<\/strong><br \/><a href=\"https:\/\/instagram.com\/phira-fashion\" target=\"_blank\" rel=\"noopener\">https:\/\/instagram.com\/phira-fashion<\/a><\/p>\n<p>Alle Texte sind urheberrechtlich gesch\u00fctzt.<\/p>\n<p>Quelle: Erstellt mit dem<span>\u00a0<\/span><a href=\"https:\/\/www.adsimple.at\/impressum-generator\/\" title=\"Impressum Generator \u00d6sterreich von AdSimple\">Impressum Generator<\/a><span>\u00a0<\/span>von AdSimple<\/p>\n<p>[\/et_pb_text][et_pb_text _builder_version=&#8220;4.27.4&#8243; _module_preset=&#8220;default&#8220; custom_margin=&#8220;84px|||||&#8220; global_colors_info=&#8220;{}&#8220;]<\/p>\n<h2>Disclaimer<\/h2>\n<p>Alle Aussagen, Empfehlungen und Erfahrungsberichte, die im Hinblick auf Gesundheit, Krankheit und Genesung eines Menschen auf dieser Website getroffen wurden, ersetzen nicht den Rat oder die Behandlung eines Arztes, Therapeuten oder Apothekers. Bitte fragen Sie daher immer bei Beschwerden den Arzt oder Therapeuten Ihres Vertrauens.\u00a0<\/p>\n<p>[\/et_pb_text][\/et_pb_column][\/et_pb_row][\/et_pb_section]<\/p>\n","protected":false},"excerpt":{"rendered":"<p>Impressum Informationen \u00fcber den Diensteanbieter. Phira Fashion Michael Dullinger Hochscharten 17,4612 Scharten,\u00d6sterreich Tel.:\u00a0+436603539000E-Mail:\u00a0office@phira-fashion.at Unternehmensgegenstand:\u00a0Einzelhandel mit Bekleidung und TextilienUID-Nummer:\u00a0ATU81367334GISA (Gewerbeinformationssystem Austria):\u00a037485672Mitglied bei:\u00a0WKO Aufsichtsbeh\u00f6rde:Bezirkshauptmannschaft Grieskirchen Verleihungsstaat:\u00a0\u00d6sterreich Datenschutz VerantwortlicherMichael DullingerHochscharten 17, 4612 SchartenE-Mail:\u00a0office@phira-fashion.atTel.:\u00a0+436603539000Impressum:\u00a0https:\/\/www.phira-fashion.at\/impressum\/ EU-Streitschlichtung Gem\u00e4\u00df Verordnung \u00fcber Online-Streitbeilegung in Verbraucherangelegenheiten (ODR-Verordnung) m\u00f6chten wir Sie \u00fcber die Online-Streitbeilegungsplattform (OS-Plattform) informieren.Verbraucher haben die M\u00f6glichkeit, Beschwerden an die Online Streitbeilegungsplattform der [&hellip;]<\/p>\n","protected":false},"author":1,"featured_media":0,"parent":0,"menu_order":0,"comment_status":"closed","ping_status":"closed","template":"","meta":{"_et_pb_use_builder":"on","_et_pb_old_content":"","_et_gb_content_width":"","footnotes":""},"class_list":["post-203","page","type-page","status-publish","hentry"],"aioseo_notices":[],"_links":{"self":[{"href":"https:\/\/www.phira-fashion.at\/de\/wp-json\/wp\/v2\/pages\/203","targetHints":{"allow":["GET"]}}],"collection":[{"href":"https:\/\/www.phira-fashion.at\/de\/wp-json\/wp\/v2\/pages"}],"about":[{"href":"https:\/\/www.phira-fashion.at\/de\/wp-json\/wp\/v2\/types\/page"}],"author":[{"embeddable":true,"href":"https:\/\/www.phira-fashion.at\/de\/wp-json\/wp\/v2\/users\/1"}],"replies":[{"embeddable":true,"href":"https:\/\/www.phira-fashion.at\/de\/wp-json\/wp\/v2\/comments?post=203"}],"version-history":[{"count":4,"href":"https:\/\/www.phira-fashion.at\/de\/wp-json\/wp\/v2\/pages\/203\/revisions"}],"predecessor-version":[{"id":478,"href":"https:\/\/www.phira-fashion.at\/de\/wp-json\/wp\/v2\/pages\/203\/revisions\/478"}],"wp:attachment":[{"href":"https:\/\/www.phira-fashion.at\/de\/wp-json\/wp\/v2\/media?parent=203"}],"curies":[{"name":"wp","href":"https:\/\/api.w.org\/{rel}","templated":true}]}}