{"id":415,"date":"2025-11-26T15:26:48","date_gmt":"2025-11-26T15:26:48","guid":{"rendered":"https:\/\/www.phira-fashion.at\/?post_type=product&#038;p=415"},"modified":"2026-02-18T12:12:54","modified_gmt":"2026-02-18T12:12:54","slug":"phira-schlafmaske-white","status":"publish","type":"product","link":"https:\/\/www.phira-fashion.at\/de\/produkt\/phira-schlafmaske-white\/","title":{"rendered":"PHIRA Schlafmaske &#8211; WHITE"},"content":{"rendered":"<div>Erleben Sie pure Ruhe und maximale Regeneration mit der PHIRA Schlafmaske, gefertigt aus unserem exklusiven PHIRA-Stoff: einer hochwertigen Kombination aus 85 % Premium-Pima-Baumwolle und 15 % reinem Silbergarn.<\/div>\n<div>Durch die im Stoff pr\u00e4zise verwobenen Silberfasern entsteht eine leitf\u00e4hige Textilstruktur, die wie ein nat\u00fcrlicher, textiler Farraday-Effekt wirkt. Das sorgt im Bereich von Augen und Stirn f\u00fcr eine sp\u00fcrbar reiz\u00e4rmere Umgebung, indem allt\u00e4gliche elektromagnetische Einfl\u00fcsse teilweise reflektiert oder abgeleitet werden.<\/div>\n<div><\/div>\n<div>Gleichzeitig wirkt das reine Silber antibakteriell, temperaturregulierend und hautfreundlich \u2013 f\u00fcr ein frisches, angenehm k\u00fchles Gef\u00fchl, selbst bei langen N\u00e4chten oder Power-Naps.<\/div>\n<div><\/div>\n<div>Die Maske blockiert Licht zuverl\u00e4ssig, schmiegt sich ohne Druck an Ihr Gesicht und schafft die perfekte Dunkelheit f\u00fcr tieferen, erholsameren Schlaf.<\/div>\n<div><\/div>\n<div>Jede Maske wird in \u00d6sterreich per Hand gefertigt. Feine N\u00e4hte, hochwertige Verarbeitung und ein dezentes silbernes PHIRA-Logo machen jedes St\u00fcck zu einem exklusiven Premiumprodukt.<\/div>\n<div><\/div>\n<div>PHIRA Schlafmaske \u2013 F\u00fcr Menschen, die echte Ruhe verdienen.<\/div>\n","protected":false},"excerpt":{"rendered":"<div>Handgefertigt in \u00d6sterreich. Aus Pima-Baumwolle &amp; reinem Silbergarn.<\/div>\n","protected":false},"featured_media":489,"template":"","meta":{"_et_pb_use_builder":"","_et_pb_old_content":"","_et_gb_content_width":""},"product_brand":[],"product_cat":[52],"product_tag":[],"class_list":{"0":"post-415","1":"product","2":"type-product","3":"status-publish","4":"has-post-thumbnail","6":"product_cat-schlafmasken","8":"first","9":"instock","10":"taxable","11":"shipping-taxable","12":"purchasable","13":"product-type-simple"},"aioseo_notices":[],"_links":{"self":[{"href":"https:\/\/www.phira-fashion.at\/de\/wp-json\/wp\/v2\/product\/415","targetHints":{"allow":["GET"]}}],"collection":[{"href":"https:\/\/www.phira-fashion.at\/de\/wp-json\/wp\/v2\/product"}],"about":[{"href":"https:\/\/www.phira-fashion.at\/de\/wp-json\/wp\/v2\/types\/product"}],"wp:featuredmedia":[{"embeddable":true,"href":"https:\/\/www.phira-fashion.at\/de\/wp-json\/wp\/v2\/media\/489"}],"wp:attachment":[{"href":"https:\/\/www.phira-fashion.at\/de\/wp-json\/wp\/v2\/media?parent=415"}],"wp:term":[{"taxonomy":"product_brand","embeddable":true,"href":"https:\/\/www.phira-fashion.at\/de\/wp-json\/wp\/v2\/product_brand?post=415"},{"taxonomy":"product_cat","embeddable":true,"href":"https:\/\/www.phira-fashion.at\/de\/wp-json\/wp\/v2\/product_cat?post=415"},{"taxonomy":"product_tag","embeddable":true,"href":"https:\/\/www.phira-fashion.at\/de\/wp-json\/wp\/v2\/product_tag?post=415"}],"curies":[{"name":"wp","href":"https:\/\/api.w.org\/{rel}","templated":true}]}}