{"id":88,"date":"2025-04-16T09:17:08","date_gmt":"2025-04-16T09:17:08","guid":{"rendered":"https:\/\/www.phira-fashion.at\/?page_id=88"},"modified":"2026-02-04T12:58:45","modified_gmt":"2026-02-04T12:58:45","slug":"widerrufsrecht","status":"publish","type":"page","link":"https:\/\/www.phira-fashion.at\/en\/widerrufsrecht\/","title":{"rendered":"Right of withdrawal"},"content":{"rendered":"<p>[et_pb_section fb_built=&#8220;1&#8243; _builder_version=&#8220;4.27.4&#8243; _module_preset=&#8220;default&#8220; da_disable_devices=&#8220;off|off|off&#8220; global_colors_info=&#8220;{}&#8220; da_is_popup=&#8220;off&#8220; da_exit_intent=&#8220;off&#8220; da_has_close=&#8220;on&#8220; da_alt_close=&#8220;off&#8220; da_dark_close=&#8220;off&#8220; da_not_modal=&#8220;on&#8220; da_is_singular=&#8220;off&#8220; da_with_loader=&#8220;off&#8220; da_has_shadow=&#8220;on&#8220;][et_pb_row _builder_version=&#8220;4.27.4&#8243; _module_preset=&#8220;default&#8220; global_colors_info=&#8220;{}&#8220;][et_pb_column type=&#8220;4_4&#8243; _builder_version=&#8220;4.27.4&#8243; _module_preset=&#8220;default&#8220; global_colors_info=&#8220;{}&#8220;][et_pb_text _builder_version=&#8220;4.27.4&#8243; _module_preset=&#8220;default&#8220; custom_margin=&#8220;||44px|||&#8220; global_colors_info=&#8220;{}&#8220;]<\/p>\n<h2>Widerrufsrecht des Verbrauchers<\/h2>\n<p>Sie haben das Recht, binnen vierzehn Tagen ohne Angabe von Gr\u00fcnden diesen Vertrag zu widerrufen.<\/p>\n<h4>Widerrufsfrist<\/h4>\n<p>Die Widerrufsfrist betr\u00e4gt vierzehn Tage ab dem Tag, an dem Sie oder ein von Ihnen benannter Dritter, der nicht der Bef\u00f6rderer ist, die Waren in Besitz genommen haben bzw. hat.<\/p>\n<p>Um Ihr Widerrufsrecht auszu\u00fcben, richten Sie Ihren Widerruf bitte an:<\/p>\n<p>PHIRA-Fashion<br \/>Hochscharten 17<br \/>4612 Scharten<\/p>\n<p>+43 660 3539000<br \/>office@phira-fashion.at<\/p>\n<p>Sie k\u00f6nnen uns Ihren Widerruf mittels einer eindeutigen Erkl\u00e4rung (z. B. ein mit der Post versandter Brief oder E-Mail) \u00fcber Ihren Entschluss, diesen Vertrag zu widerrufen, informieren. Hierf\u00fcr k\u00f6nnen Sie auch das beigef\u00fcgte Muster-Widerrufsformular verwenden, dessen Nutzung jedoch nicht vorgeschrieben ist.<\/p>\n<p>Zur Wahrung der Widerrufsfrist reicht es aus, dass Sie die Mitteilung \u00fcber die Aus\u00fcbung des Widerrufsrechts vor Ablauf der Widerrufsfrist absenden.<\/p>\n<h4>Einschr\u00e4nkungen des Widerrufsrechts<\/h4>\n<p>Das Widerrufsrecht ist ausgeschlossen bei Waren, die aus hygienischen oder sicherheitstechnischen Gr\u00fcnden nicht zur R\u00fcckgabe geeignet sind, wenn die Versiegelung nach der Lieferung entfernt wurde oder die Waren benutzt, getragen oder gewaschen wurden.<\/p>\n<p>Dies gilt insbesondere f\u00fcr T-Shirts und andere Abschirmkleidung. Zus\u00e4tzlich ist bei Abschirmkleidung nicht feststellbar, ob durch Nutzung oder unsachgem\u00e4\u00dfe Handhabung (zB beim Waschen) die Funktionalit\u00e4t, insbesondere die Abschirmwirkung, beeintr\u00e4chtigt wurde. Um die Qualit\u00e4t, Sicherheit und Abschirmwirkung unserer Produkte f\u00fcr alle Kunden zu gew\u00e4hrleisten, k\u00f6nnen wir getragene oder benutzte Artikel nicht zur\u00fccknehmen. Sollten Sie ein Kleidungsst\u00fcck anprobieren, achten Sie bitte darauf, dies nur in hygienischen Bedingungen und ohne sichtbare Nutzungsspuren zu tun. Jegliche Besch\u00e4digung oder Verschmutzung kann die Wirksamkeit der Abschirmung beeintr\u00e4chtigen und macht eine R\u00fccknahme unm\u00f6glich. Bitte probieren Sie Kleidung mit Vorsicht an, um unn\u00f6tige Abnutzung oder Verschmutzung zu vermeiden. Sehen sie au\u00dferdem davon ab, vor dem Anprobieren die Kleidung zu waschen, da durch falsches Waschen sowohl die Form als auch die Abschirmwirkung beeintr\u00e4chtigt werden k\u00f6nnen. Aus diesem Grund k\u00f6nnen wir auch bereits gewaschene Kleidung nicht zur\u00fccknehmen.\u00a0<\/p>\n<h4>Folgen des Widerrufs<\/h4>\n<p>Wenn Sie diesen Vertrag widerrufen, haben wir Ihnen alle Zahlungen, die wir von Ihnen erhalten haben, mit Ausnahme der zus\u00e4tzlichen Kosten, die sich daraus ergeben, dass Sie eine andere Art der Lieferung als die von uns angebotene, g\u00fcnstigste Standardlieferung gew\u00e4hlt haben, unverz\u00fcglich und sp\u00e4testens binnen vierzehn Tagen ab dem Tag zur\u00fcckzuzahlen, an dem die Mitteilung \u00fcber Ihren Widerruf dieses Vertrags bei uns eingegangen ist.<\/p>\n<p>F\u00fcr diese R\u00fcckzahlung verwenden wir dasselbe Zahlungsmittel, das Sie bei der urspr\u00fcnglichen Transaktion eingesetzt haben, es sei denn, mit Ihnen wurde ausdr\u00fccklich etwas anderes vereinbart. In keinem Fall werden Ihnen wegen dieser R\u00fcckzahlung Entgelte berechnet.<\/p>\n<p>Wir k\u00f6nnen die R\u00fcckzahlung verweigern, bis wir die Waren wieder zur\u00fcckerhalten haben oder bis Sie den Nachweis erbracht haben, dass Sie die Waren zur\u00fcckgesandt haben, je nachdem, welches der fr\u00fchere Zeitpunkt ist.<\/p>\n<h4>R\u00fccksendung der Waren<\/h4>\n<p>Sie haben die Waren unverz\u00fcglich und in jedem Fall sp\u00e4testens binnen vierzehn Tagen ab dem Tag, an dem Sie uns \u00fcber den Widerruf dieses Vertrags unterrichten, an die folgende Adresse zur\u00fcckzusenden oder zu \u00fcbergeben:<\/p>\n<p>PHIRA-Fashion<br \/>Hochscharten 17<br \/>4612 Scharten<\/p>\n<p>Die Frist ist gewahrt, wenn Sie die Waren vor Ablauf der Frist von vierzehn Tagen absenden.<\/p>\n<h4>Kosten der R\u00fccksendung<\/h4>\n<p>Sie tragen die unmittelbaren Kosten der R\u00fccksendung der Waren.<\/p>\n<p><strong>Ende der Widerrufsbelehrung<\/strong><\/p>\n<p>[\/et_pb_text][et_pb_button button_url=&#8220;@ET-DC@eyJkeW5hbWljIjp0cnVlLCJjb250ZW50IjoicG9zdF9saW5rX3VybF9hdHRhY2htZW50Iiwic2V0dGluZ3MiOnsicG9zdF9pZCI6IjQ4MSJ9fQ==@&#8220; url_new_window=&#8220;on&#8220; button_text=&#8220;Formular herunterladen&#8220; button_alignment=&#8220;center&#8220; _builder_version=&#8220;4.27.5&#8243; _dynamic_attributes=&#8220;button_url&#8220; _module_preset=&#8220;default&#8220; button_text_size=&#8220;16px&#8220; hover_enabled=&#8220;0&#8243; global_colors_info=&#8220;{}&#8220; sticky_enabled=&#8220;0&#8243;][\/et_pb_button][\/et_pb_column][\/et_pb_row][\/et_pb_section]<\/p>\n","protected":false},"excerpt":{"rendered":"<p>Widerrufsrecht des Verbrauchers Sie haben das Recht, binnen vierzehn Tagen ohne Angabe von Gr\u00fcnden diesen Vertrag zu widerrufen. Widerrufsfrist Die Widerrufsfrist betr\u00e4gt vierzehn Tage ab dem Tag, an dem Sie oder ein von Ihnen benannter Dritter, der nicht der Bef\u00f6rderer ist, die Waren in Besitz genommen haben bzw. hat. Um Ihr Widerrufsrecht auszu\u00fcben, richten Sie [&hellip;]<\/p>\n","protected":false},"author":1,"featured_media":0,"parent":0,"menu_order":0,"comment_status":"closed","ping_status":"closed","template":"","meta":{"_et_pb_use_builder":"on","_et_pb_old_content":"","_et_gb_content_width":"","footnotes":""},"class_list":["post-88","page","type-page","status-publish","hentry"],"aioseo_notices":[],"_links":{"self":[{"href":"https:\/\/www.phira-fashion.at\/en\/wp-json\/wp\/v2\/pages\/88","targetHints":{"allow":["GET"]}}],"collection":[{"href":"https:\/\/www.phira-fashion.at\/en\/wp-json\/wp\/v2\/pages"}],"about":[{"href":"https:\/\/www.phira-fashion.at\/en\/wp-json\/wp\/v2\/types\/page"}],"author":[{"embeddable":true,"href":"https:\/\/www.phira-fashion.at\/en\/wp-json\/wp\/v2\/users\/1"}],"replies":[{"embeddable":true,"href":"https:\/\/www.phira-fashion.at\/en\/wp-json\/wp\/v2\/comments?post=88"}],"version-history":[{"count":9,"href":"https:\/\/www.phira-fashion.at\/en\/wp-json\/wp\/v2\/pages\/88\/revisions"}],"predecessor-version":[{"id":482,"href":"https:\/\/www.phira-fashion.at\/en\/wp-json\/wp\/v2\/pages\/88\/revisions\/482"}],"wp:attachment":[{"href":"https:\/\/www.phira-fashion.at\/en\/wp-json\/wp\/v2\/media?parent=88"}],"curies":[{"name":"wp","href":"https:\/\/api.w.org\/{rel}","templated":true}]}}