{"id":97,"date":"2025-04-16T09:16:56","date_gmt":"2025-04-16T09:16:56","guid":{"rendered":"https:\/\/www.phira-fashion.at\/?page_id=97"},"modified":"2025-05-14T13:53:47","modified_gmt":"2025-05-14T13:53:47","slug":"agb","status":"publish","type":"page","link":"https:\/\/www.phira-fashion.at\/en\/agb\/","title":{"rendered":"General terms and conditions"},"content":{"rendered":"<p>[et_pb_section fb_built=&#8220;1&#8243; _builder_version=&#8220;4.27.4&#8243; _module_preset=&#8220;default&#8220; global_colors_info=&#8220;{}&#8220;][et_pb_row _builder_version=&#8220;4.27.4&#8243; _module_preset=&#8220;default&#8220; global_colors_info=&#8220;{}&#8220;][et_pb_column type=&#8220;4_4&#8243; _builder_version=&#8220;4.27.4&#8243; _module_preset=&#8220;default&#8220; global_colors_info=&#8220;{}&#8220;][et_pb_text _builder_version=&#8220;4.27.4&#8243; _module_preset=&#8220;default&#8220; global_colors_info=&#8220;{}&#8220;]<\/p>\n<h2>Allgemeine Gesch\u00e4ftsbedingungen (AGB)<\/h2>\n<p><strong>Stand: 01\/2025<\/strong><\/p>\n<p>Allgemeine Gesch\u00e4ftsbedingungen und Verbraucherinformationen im Rahmen von Kaufvertr\u00e4gen, die \u00fcber den Webshop zwischen PHIRA-Fashion im Folgenden \u201ePHIRA-Fashion\u201c \u2013 und dem Kunden oder Besteller \u2013 im Folgenden \u201eKunde\u201c \u2013 geschlossen werden.<\/p>\n<h4>\u00a7 1 Geltungsbereich und allgemeine Hinweise<\/h4>\n<p>Vorbehaltlich individueller Absprachen und Vereinbarungen, die Vorrang vor diesen AGB haben, gelten f\u00fcr die Gesch\u00e4ftsbeziehung zwischen PHIRA-Fashion und dem Kunden ausschlie\u00dflich die nachfolgenden Allgemeinen Gesch\u00e4ftsbedingungen in ihrer zum Zeitpunkt der Bestellung g\u00fcltigen Fassung. Entgegenstehende Gesch\u00e4ftsbedingungen des Kunden finden ausdr\u00fccklich keine Anwendung, es sei denn, PHIRA-Fashion stimmt ihrer Geltung ausdr\u00fccklich schriftlich zu.<\/p>\n<p>Der Kunde ist Verbraucher, soweit der Zweck der georderten Lieferungen und Leistungen nicht seiner gewerblichen oder selbst\u00e4ndigen beruflichen T\u00e4tigkeit zugerechnet werden kann. Unternehmer ist jede nat\u00fcrliche oder juristische Person oder rechtsf\u00e4hige Personengesellschaft, die beim Abschluss des Vertrags in Aus\u00fcbung ihrer gewerblichen oder selbst\u00e4ndigen beruflichen T\u00e4tigkeit handelt.<\/p>\n<h4>\u00a7 2 Vertragsschluss<\/h4>\n<p>S\u00e4mtliche Angebote im Webshop von PHIRA-Fashion stellen lediglich eine unverbindliche Einladung an den Kunden dar, ein Kaufangebot zu unterbreiten. Sobald PHIRA-Fashion die Bestellung des Kunden erhalten hat, erh\u00e4lt der Kunde eine Best\u00e4tigung \u00fcber den Eingang der Bestellung, in der Regel per E-Mail (Bestellbest\u00e4tigung). Dies stellt noch nicht die Annahme der Bestellung dar.<\/p>\n<p>Nach Eingang der Bestellung pr\u00fcft PHIRA-Fashion diese und teilt dem Kunden innerhalb von 2 Werktagen mit, ob die Bestellung angenommen wird (Auftragsbest\u00e4tigung). Ein Vertrag kommt nicht zustande, wenn der Kunde keine Auftragsbest\u00e4tigung innerhalb dieser Frist erh\u00e4lt.<\/p>\n<p><strong>Bestellvorgang im Webshop:<\/strong><br \/>Der Kunde w\u00e4hlt Produkte aus dem Sortiment von PHIRA-Fashion aus und sammelt diese \u00fcber den Button \u201eIn den Warenkorb\u201c.<\/p>\n<p>Mit dem Button \u201eKaufen\u201c gibt er einen verbindlichen Antrag zum Kauf der im Warenkorb befindlichen Waren ab.<\/p>\n<p>Vor dem Absenden der Bestellung kann der Kunde die eingegebenen Daten jederzeit \u00e4ndern und einsehen. Der Antrag kann jedoch nur abgegeben werden, wenn der Kunde durch Klicken auf den Button \u201eAGB akzeptieren\u201c diese Vertragsbedingungen akzeptiert.<\/p>\n<p>PHIRA-Fashion schickt dem Kunden eine automatische Empfangsbest\u00e4tigung per E-Mail, die die Bestellung nochmals auff\u00fchrt. Diese Empfangsbest\u00e4tigung dokumentiert lediglich den Eingang der Bestellung und stellt keine Annahme des Antrags dar. Der Vertrag kommt erst durch eine ausdr\u00fcckliche Auftragsbest\u00e4tigung zustande.<\/p>\n<h4>\u00a7 3 Vertragsgegenstand, Beschaffenheit, Lieferung, Warenverf\u00fcgbarkeit<\/h4>\n<p>Vertragsgegenstand sind die im Rahmen der Bestellung vom Kunden spezifizierten und in der Auftragsbest\u00e4tigung genannten Waren und Dienstleistungen zu den im Webshop genannten Endpreisen. Fehler und Irrt\u00fcmer in den Angaben sind vorbehalten, insbesondere hinsichtlich der Verf\u00fcgbarkeit.<\/p>\n<p>Beschaffenheit der Waren:<br \/>Die Beschaffenheit der bestellten Waren ergibt sich aus den Produktbeschreibungen im Webshop. Abbildungen auf der Website k\u00f6nnen von den tats\u00e4chlichen Produkten abweichen (z. B. Farbabweichungen aus technischen Gr\u00fcnden). Solche Abweichungen stellen keine M\u00e4ngel dar.<br \/>Falls ein Produkt nicht dauerhaft verf\u00fcgbar ist, wird PHIRA-Fashion dies in der Auftragsbest\u00e4tigung mitteilen. Bereits geleistete Zahlungen werden unverz\u00fcglich erstattet.<\/p>\n<h4>\u00a7 4 Eigentumsvorbehalt<\/h4>\n<p>Bis zur vollst\u00e4ndigen Bezahlung verbleiben die gelieferten Waren im Eigentum von PHIRA-Fashion.<\/p>\n<h4>\u00a7 5 Lieferung, Preise, Versandkosten<\/h4>\n<p>Die Lieferung erfolgt unverz\u00fcglich nach Eingang des Rechnungsbetrags. Anderenfalls erfolgt der Versand unverz\u00fcglich nach Auftragsbest\u00e4tigung.<br \/>Alle Preise im Webshop verstehen sich inklusive der gesetzlich geltenden Mehrwertsteuer.<br \/>Versandkosten werden im Bestellformular ausgewiesen und sind vom Kunden zu tragen.<br \/>Der Versand erfolgt \u00fcber einen versicherten Paketdienstleister.<\/p>\n<h4>\u00a7 6 Zahlungsmodalit\u00e4ten<\/h4>\n<p>Der Kunde kann aus folgenden Zahlungsarten w\u00e4hlen: Vorkasse<\/p>\n<p>Die Zahlung des Kaufpreises ist unmittelbar mit Vertragsschluss f\u00e4llig. Bei Zahlungsverzug ist PHIRA-Fashion berechtigt, Verzugszinsen in gesetzlicher H\u00f6he zu erheben.<\/p>\n<h4>\u00a7 7 Sachm\u00e4ngelgew\u00e4hrleistung, Garantie<\/h4>\n<p>PHIRA-Fashion haftet f\u00fcr Sachm\u00e4ngel gem\u00e4\u00df den gesetzlichen Vorschriften. Garantien bestehen nur, wenn diese ausdr\u00fccklich f\u00fcr einzelne Artikel angegeben sind.<\/p>\n<h4>\u00a7 8 Haftung<\/h4>\n<p>PHIRA-Fashion haftet uneingeschr\u00e4nkt bei Verletzungen des Lebens, des K\u00f6rpers oder der Gesundheit sowie bei Vorsatz oder grober Fahrl\u00e4ssigkeit. Bei einfacher Fahrl\u00e4ssigkeit haftet PHIRA-Fashion nur f\u00fcr wesentliche Vertragspflichten, deren Erf\u00fcllung die ordnungsgem\u00e4\u00dfe Durchf\u00fchrung des Vertrags \u00fcberhaupt erst erm\u00f6glicht und auf deren Einhaltung der Kunde regelm\u00e4\u00dfig vertrauen darf.<\/p>\n<h4>\u00a7 9 Hinweise zur Datenverarbeitung<\/h4>\n<p>PHIRA-Fashion erhebt und verarbeitet personenbezogene Daten des Kunden ausschlie\u00dflich zur Vertragsabwicklung. Weitere Informationen entnehmen Sie bitte der Datenschutzerkl\u00e4rung auf unserer Website.<\/p>\n<p>Kontakt:<br \/>PHIRA-Fashion<br \/>Hochscharten 17<br \/>4612 Scharten<\/p>\n<p>office@phira-fashion.at<\/p>\n<p>[\/et_pb_text][\/et_pb_column][\/et_pb_row][\/et_pb_section]<\/p>\n","protected":false},"excerpt":{"rendered":"<p>Allgemeine Gesch\u00e4ftsbedingungen (AGB) Stand: 01\/2025 Allgemeine Gesch\u00e4ftsbedingungen und Verbraucherinformationen im Rahmen von Kaufvertr\u00e4gen, die \u00fcber den Webshop zwischen PHIRA-Fashion im Folgenden \u201ePHIRA-Fashion\u201c \u2013 und dem Kunden oder Besteller \u2013 im Folgenden \u201eKunde\u201c \u2013 geschlossen werden. \u00a7 1 Geltungsbereich und allgemeine Hinweise Vorbehaltlich individueller Absprachen und Vereinbarungen, die Vorrang vor diesen AGB haben, gelten f\u00fcr die [&hellip;]<\/p>\n","protected":false},"author":1,"featured_media":0,"parent":0,"menu_order":0,"comment_status":"closed","ping_status":"closed","template":"","meta":{"_et_pb_use_builder":"on","_et_pb_old_content":"","_et_gb_content_width":"","footnotes":""},"class_list":["post-97","page","type-page","status-publish","hentry"],"aioseo_notices":[],"_links":{"self":[{"href":"https:\/\/www.phira-fashion.at\/en\/wp-json\/wp\/v2\/pages\/97","targetHints":{"allow":["GET"]}}],"collection":[{"href":"https:\/\/www.phira-fashion.at\/en\/wp-json\/wp\/v2\/pages"}],"about":[{"href":"https:\/\/www.phira-fashion.at\/en\/wp-json\/wp\/v2\/types\/page"}],"author":[{"embeddable":true,"href":"https:\/\/www.phira-fashion.at\/en\/wp-json\/wp\/v2\/users\/1"}],"replies":[{"embeddable":true,"href":"https:\/\/www.phira-fashion.at\/en\/wp-json\/wp\/v2\/comments?post=97"}],"version-history":[{"count":3,"href":"https:\/\/www.phira-fashion.at\/en\/wp-json\/wp\/v2\/pages\/97\/revisions"}],"predecessor-version":[{"id":217,"href":"https:\/\/www.phira-fashion.at\/en\/wp-json\/wp\/v2\/pages\/97\/revisions\/217"}],"wp:attachment":[{"href":"https:\/\/www.phira-fashion.at\/en\/wp-json\/wp\/v2\/media?parent=97"}],"curies":[{"name":"wp","href":"https:\/\/api.w.org\/{rel}","templated":true}]}}