{"id":315,"date":"2025-06-18T12:11:26","date_gmt":"2025-06-18T12:11:26","guid":{"rendered":"https:\/\/www.phira-fashion.at\/?post_type=product&#038;p=315"},"modified":"2026-02-04T12:23:20","modified_gmt":"2026-02-04T12:23:20","slug":"phira-monument-sublime-cut-white","status":"publish","type":"product","link":"https:\/\/www.phira-fashion.at\/en\/product\/phira-monument-sublime-cut-white\/","title":{"rendered":"PHIRA Monument \u2013 Sublime Cut \u2013 WHITE"},"content":{"rendered":"<p>[et_pb_section fb_built=&#8220;1&#8243; _builder_version=&#8220;4.27.4&#8243; custom_padding=&#8220;0px||||false|false&#8220; global_colors_info=&#8220;{}&#8220; da_is_popup=&#8220;off&#8220; da_exit_intent=&#8220;off&#8220; da_has_close=&#8220;on&#8220; da_alt_close=&#8220;off&#8220; da_dark_close=&#8220;off&#8220; da_not_modal=&#8220;on&#8220; da_is_singular=&#8220;off&#8220; da_with_loader=&#8220;off&#8220; da_has_shadow=&#8220;on&#8220; da_disable_devices=&#8220;off|off|off&#8220;][et_pb_row _builder_version=&#8220;4.16&#8243; background_size=&#8220;initial&#8220; background_position=&#8220;top_left&#8220; background_repeat=&#8220;repeat&#8220; width=&#8220;100%&#8220; custom_margin=&#8220;|auto|40px|auto||&#8220; custom_padding=&#8220;0px||0px||false|false&#8220; global_colors_info=&#8220;{}&#8220;][et_pb_column type=&#8220;4_4&#8243; _builder_version=&#8220;4.16&#8243; custom_padding=&#8220;|||&#8220; global_colors_info=&#8220;{}&#8220; custom_padding__hover=&#8220;|||&#8220;][et_pb_wc_cart_notice _builder_version=&#8220;4.27.4&#8243; background_color=&#8220;#000000&#8243; custom_button=&#8220;on&#8220; button_text_size=&#8220;16px&#8220; button_text_color=&#8220;#000000&#8243; button_bg_color=&#8220;#FFFFFF&#8220; button_border_color=&#8220;#FFFFFF&#8220; button_custom_margin=&#8220;10px|10px|10px|10px|true|true&#8220; button_custom_padding=&#8220;7px|15px|7px|15px|true|true&#8220; module_alignment=&#8220;left&#8220; global_colors_info=&#8220;{}&#8220;][\/et_pb_wc_cart_notice][\/et_pb_column][\/et_pb_row][et_pb_row column_structure=&#8220;1_2,1_2&#8243; _builder_version=&#8220;4.27.4&#8243; background_size=&#8220;initial&#8220; background_position=&#8220;top_left&#8220; background_repeat=&#8220;repeat&#8220; width=&#8220;100%&#8220; custom_padding=&#8220;0px||||false|false&#8220; global_colors_info=&#8220;{}&#8220;][et_pb_column type=&#8220;1_2&#8243; _builder_version=&#8220;4.16&#8243; custom_padding=&#8220;|||&#8220; global_colors_info=&#8220;{}&#8220; custom_padding__hover=&#8220;|||&#8220;][et_pb_wc_images _builder_version=&#8220;4.27.4&#8243; custom_css_free_form=&#8220;.woocommerce div.product div.images .flex-control-thumbs li {||  margin: 10px;||  padding: 0px;||}||&#8220; global_colors_info=&#8220;{}&#8220;][\/et_pb_wc_images][\/et_pb_column][et_pb_column type=&#8220;1_2&#8243; _builder_version=&#8220;4.16&#8243; custom_padding=&#8220;|||&#8220; global_colors_info=&#8220;{}&#8220; custom_padding__hover=&#8220;|||&#8220;][et_pb_wc_title _builder_version=&#8220;4.16&#8243; global_colors_info=&#8220;{}&#8220;][\/et_pb_wc_title][et_pb_wc_description _builder_version=&#8220;4.16&#8243; global_colors_info=&#8220;{}&#8220;][\/et_pb_wc_description][et_pb_wc_price _builder_version=&#8220;4.27.4&#8243; body_text_color=&#8220;#000000&#8243; text_orientation=&#8220;left&#8220; custom_margin=&#8220;30px||30px||true|false&#8220; custom_padding=&#8220;10px||||false|false&#8220; global_colors_info=&#8220;{}&#8220;][\/et_pb_wc_price][et_pb_wc_add_to_cart show_stock=&#8220;off&#8220; _builder_version=&#8220;4.27.4&#8243; custom_button=&#8220;on&#8220; button_text_color=&#8220;#FFFFFF&#8220; button_bg_color=&#8220;#000000&#8243; button_border_color=&#8220;#000000&#8243; box_shadow_style_button=&#8220;preset1&#8243; global_colors_info=&#8220;{}&#8220; button_text_color__hover_enabled=&#8220;on|desktop&#8220; button_text_color__hover=&#8220;#000000&#8243; button_bg_color__hover_enabled=&#8220;on|hover&#8220; button_bg_color__hover=&#8220;#FFFFFF&#8220; button_bg_enable_color__hover=&#8220;on&#8220;][\/et_pb_wc_add_to_cart][\/et_pb_column][\/et_pb_row][\/et_pb_section][et_pb_section fb_built=&#8220;1&#8243; _builder_version=&#8220;4.27.4&#8243; _module_preset=&#8220;default&#8220; background_color=&#8220;#D6D6D6&#8243; global_module=&#8220;335&#8243; global_colors_info=&#8220;{}&#8220; da_is_popup=&#8220;off&#8220; da_exit_intent=&#8220;off&#8220; da_has_close=&#8220;on&#8220; da_alt_close=&#8220;off&#8220; da_dark_close=&#8220;off&#8220; da_not_modal=&#8220;on&#8220; da_is_singular=&#8220;off&#8220; da_with_loader=&#8220;off&#8220; da_has_shadow=&#8220;on&#8220; da_disable_devices=&#8220;off|off|off&#8220;][et_pb_row _builder_version=&#8220;4.27.4&#8243; _module_preset=&#8220;default&#8220; custom_padding=&#8220;||88px|||&#8220; global_colors_info=&#8220;{}&#8220;][et_pb_column type=&#8220;4_4&#8243; _builder_version=&#8220;4.27.4&#8243; _module_preset=&#8220;default&#8220; global_colors_info=&#8220;{}&#8220;][et_pb_text _builder_version=&#8220;4.27.4&#8243; _module_preset=&#8220;default&#8220; global_colors_info=&#8220;{}&#8220;]<\/p>\n<h2 style=\"text-align: center;\">FAQs<\/h2>\n<p>[\/et_pb_text][et_pb_accordion _builder_version=&#8220;4.27.4&#8243; _module_preset=&#8220;default&#8220; global_colors_info=&#8220;{}&#8220;][et_pb_accordion_item title=&#8220;Was ist das Besondere an der verwendeten Pima-Baumwolle?&#8220; open=&#8220;on&#8220; _builder_version=&#8220;4.27.4&#8243; _module_preset=&#8220;default&#8220; global_colors_info=&#8220;{}&#8220;]<\/p>\n<p data-start=\"202\" data-end=\"628\" class=\"\"><strong data-start=\"202\" data-end=\"262\"><\/strong>Pima-Baumwolle ist eine der edelsten Baumwollarten der Welt. Sie zeichnet sich durch besonders lange Fasern aus, die f\u00fcr eine au\u00dfergew\u00f6hnliche Weichheit, Haltbarkeit und Widerstandsf\u00e4higkeit sorgen. Pima-Baumwolle ist zudem bekannt f\u00fcr ihre au\u00dfergew\u00f6hnliche Atmungsaktivit\u00e4t und ihren nat\u00fcrlichen Glanz, was das T-Shirt besonders komfortabel und hochwertig macht.<\/p>\n<p>[\/et_pb_accordion_item][et_pb_accordion_item title=&#8220;Warum wurde Shieldex-Silbergarn f\u00fcr das T-Shirt gew\u00e4hlt?&#8220; _builder_version=&#8220;4.27.4&#8243; _module_preset=&#8220;default&#8220; global_colors_info=&#8220;{}&#8220; open=&#8220;off&#8220;]<\/p>\n<p data-start=\"632\" data-end=\"1060\" class=\"\">Shieldex-Silbergarn wurde aufgrund seiner einzigartigen F\u00e4higkeit, elektromagnetische Strahlung zu blockieren und zu reflektieren, gew\u00e4hlt. Es ist mit feinstem Silber \u00fcberzogen, was ihm hervorragende antimikrobielle und hautfreundliche Eigenschaften verleiht. Dar\u00fcber hinaus sorgt es f\u00fcr eine ausgezeichnete Haltbarkeit und tr\u00e4gt zur Langlebigkeit des T-Shirts bei.<\/p>\n<p>[\/et_pb_accordion_item][et_pb_accordion_item title=&#8220;Wie pflege ich das T-Shirt, um die Wirkung des Silbergarns zu erhalten?&#8220; _builder_version=&#8220;4.27.4&#8243; _module_preset=&#8220;default&#8220; global_colors_info=&#8220;{}&#8220; open=&#8220;off&#8220;]<\/p>\n<p>Das T-Shirt kann bei 30\u201340 Grad Celsius in der Maschine gewaschen werden. Wir empfehlen, das T-Shirt auf links zu waschen und es an der Luft zu trocknen, um die Lebensdauer der empfindlichen Silberfasern zu verl\u00e4ngern. Vermeide den Einsatz von Weichsp\u00fclern, da diese die Wirkung des Silbergarns beeintr\u00e4chtigen k\u00f6nnen.<\/p>\n<p>[\/et_pb_accordion_item][et_pb_accordion_item title=&#8220;Kann man das Silbergarn sehen?&#8220; _builder_version=&#8220;4.27.4&#8243; _module_preset=&#8220;default&#8220; global_colors_info=&#8220;{}&#8220; open=&#8220;off&#8220;]<\/p>\n<p>Ja, das Garn scheint durch die Pima-Baumwolle durch. Das f\u00fchrt dazu, dass das schwarze Shirt einen leichten Silber-Schimmer hat und das wei\u00dfe Shirt leicht gr\u00e4ulich wirkt.<\/p>\n<p>[\/et_pb_accordion_item][et_pb_accordion_item title=&#8220;Wie fallen die Gr\u00f6\u00dfen aus?&#8220; _builder_version=&#8220;4.27.4&#8243; _module_preset=&#8220;default&#8220; global_colors_info=&#8220;{}&#8220; open=&#8220;off&#8220;]<\/p>\n<p>Die T-Shirts sind normal geschnitten. Wenn du allerdings ganz sicher gehen willst, bestelle eine Nummer gr\u00f6\u00dfer.\u00a0<\/p>\n<p>[\/et_pb_accordion_item][et_pb_accordion_item title=&#8220;Kann ich meine Bestellung zur\u00fcckgeben?&#8220; _builder_version=&#8220;4.27.4&#8243; _module_preset=&#8220;default&#8220; global_colors_info=&#8220;{}&#8220; open=&#8220;off&#8220;]<\/p>\n<p>Ja &#8211; unter gewissen Voraussetzungen. Die Shirts d\u00fcrfen weder getragen noch gewaschen sein, damit wir sie zur\u00fccknehmen k\u00f6nnen. Ansonsten k\u00f6nnen wir einfach nicht garantieren, dass sowohl die Passform als auch der EMF-Schutz intakt sind. Sei gerade deshalb bitte auch besonders vorsichtig, wenn du die Lieferung zum ersten Mal anprobierst.\u00a0<\/p>\n<p>[\/et_pb_accordion_item][et_pb_accordion_item title=&#8220;Wie lange ist die Lieferzeit?&#8220; _builder_version=&#8220;4.27.4&#8243; _module_preset=&#8220;default&#8220; global_colors_info=&#8220;{}&#8220; open=&#8220;off&#8220;]<\/p>\n<p>Innerhalb \u00d6sterreichs betr\u00e4gt die Lieferzeit ca. 3-5 Werktage. In andere L\u00e4nder kann sich der Versand entsprechend verz\u00f6gern. Du bekommst von uns eine Info, wenn deine Bestellung unterwegs ist.\u00a0<\/p>\n<p>[\/et_pb_accordion_item][\/et_pb_accordion][\/et_pb_column][\/et_pb_row][et_pb_row _builder_version=&#8220;4.27.4&#8243; _module_preset=&#8220;default&#8220; global_colors_info=&#8220;{}&#8220;][et_pb_column type=&#8220;4_4&#8243; _builder_version=&#8220;4.27.4&#8243; _module_preset=&#8220;default&#8220; global_colors_info=&#8220;{}&#8220;][et_pb_wc_related_products _builder_version=&#8220;4.27.4&#8243; _module_preset=&#8220;default&#8220; global_colors_info=&#8220;{}&#8220;][\/et_pb_wc_related_products][\/et_pb_column][\/et_pb_row][\/et_pb_section]<\/p>\n","protected":false},"excerpt":{"rendered":"<p>Our T-shirt WITHOUT front patch in PHIRA-White.<\/p>","protected":false},"featured_media":307,"template":"","meta":{"_et_pb_use_builder":"on","_et_pb_old_content":"","_et_gb_content_width":""},"product_brand":[],"product_cat":[26],"product_tag":[],"class_list":{"0":"post-315","1":"product","2":"type-product","3":"status-publish","4":"has-post-thumbnail","6":"product_cat-t-shirts","8":"first","9":"instock","10":"taxable","11":"shipping-taxable","12":"purchasable","13":"product-type-variable"},"aioseo_notices":[],"_links":{"self":[{"href":"https:\/\/www.phira-fashion.at\/en\/wp-json\/wp\/v2\/product\/315","targetHints":{"allow":["GET"]}}],"collection":[{"href":"https:\/\/www.phira-fashion.at\/en\/wp-json\/wp\/v2\/product"}],"about":[{"href":"https:\/\/www.phira-fashion.at\/en\/wp-json\/wp\/v2\/types\/product"}],"wp:featuredmedia":[{"embeddable":true,"href":"https:\/\/www.phira-fashion.at\/en\/wp-json\/wp\/v2\/media\/307"}],"wp:attachment":[{"href":"https:\/\/www.phira-fashion.at\/en\/wp-json\/wp\/v2\/media?parent=315"}],"wp:term":[{"taxonomy":"product_brand","embeddable":true,"href":"https:\/\/www.phira-fashion.at\/en\/wp-json\/wp\/v2\/product_brand?post=315"},{"taxonomy":"product_cat","embeddable":true,"href":"https:\/\/www.phira-fashion.at\/en\/wp-json\/wp\/v2\/product_cat?post=315"},{"taxonomy":"product_tag","embeddable":true,"href":"https:\/\/www.phira-fashion.at\/en\/wp-json\/wp\/v2\/product_tag?post=315"}],"curies":[{"name":"wp","href":"https:\/\/api.w.org\/{rel}","templated":true}]}}